{"id":2,"date":"2012-05-29T00:05:33","date_gmt":"2012-05-29T00:05:33","guid":{"rendered":"http:\/\/www.poggehaus-zierstorf.de\/?page_id=2"},"modified":"2026-01-04T14:44:14","modified_gmt":"2026-01-04T13:44:14","slug":"beispiel-seite","status":"publish","type":"page","link":"http:\/\/www.poggehaus-zierstorf.de\/","title":{"rendered":"Home"},"content":{"rendered":"<p>Das Poggehaus war ein Ausstellungsort, der an das Leben und Wirken der herausragenden Vertreter der Familie Pogge erinnert hat. Carl, Friedrich und Johann Pogge stie\u00dfen im 19. Jahrhundert bedeutende landwirtschaftliche Reformen an und engagierten sich dar\u00fcber hinaus als liberale Politiker f\u00fcr b\u00fcrgerliche Bestrebungen in Mecklenburg.<\/p>\n<p><strong>Der Verein, der das Poggehaus Zierstorf getragen hat, hat sich zum Jahresende 2025 aufgel\u00f6st.<\/strong><\/p>\n<p>In den R\u00e4umen fanden Sie Zeugnisse zum Leben des Afrikaforschers Paul Pogge, zu seinen Reisen, zur Kolonialzeit und zur nachkolonialen \u00c4ra, erg\u00e4nzt von Kunst- und Alltagsgegenst\u00e4nden aus Zentralafrika.<\/p>\n<div id=\"1167\">\n\t<div id=\"gallery_bank_main_container_1167\" class=\"gallery_bank_main_container\">\n\t\t\t<style type=\"text\/css\">\n\t\t\t#gallery_bank_main_container_1167\t\t\t{\n\t\t\t\tdirection: ltr !important;\n\t\t\t}\n\t\t\t.gb-filter-holder_1167\t\t\t{\n\t\t\t\ttext-align: ;\n\t\t\t}\n\t\t@import url('http:\/\/fonts.googleapis.com\/css?family=Roboto+Slab%3A700');\r\n@import url('http:\/\/fonts.googleapis.com\/css?family=Roboto+Slab%3A300');\r\n@import url('http:\/\/fonts.googleapis.com\/css?family=Roboto+Slab%3A700');\r\n@import url('http:\/\/fonts.googleapis.com\/css?family=Roboto+Slab%3A300');\r\n\t\t\t\t\t#gallery_bank_main_container_1167\t\t\t\t\t{\n\t\t\t\t\t\tmax-width: 780px !important;\n\t\t\t\t\ttext-align: left !important;\t\t\t\t\t}\n\t\t\t\t\t#gallery_title_container_1167 h2\t\t\t\t\t{\n\t\t\t\t\t\tline-height: 1.7 !important;\n\t\t\t\t\t\ttext-align: left!important;\n\t\t\t\t\t\tfont-size: 20px !important;\n\t\t\t\t\t\tcolor: #000000 !important;\n\t\t\t\t\t\tmargin: 10px 0px 10px 0px !important;\n\t\t\t\t\t\tpadding: 10px 0px 10px 0px !important;\n\t\t\t\t\t\tfont-family: 'Roboto Slab' !important;\r\n\tfont-weight: 700 !important;\t\t\t\t\t}\n\t\t\t\t\t#gallery_desc_container_1167 h3\t\t\t\t\t{\n\t\t\t\t\t\tline-height: 1.7 !important;\n\t\t\t\t\t\ttext-align: left !important;\n\t\t\t\t\t\tfont-size: 16px !important;\n\t\t\t\t\t\tcolor: #787D85 !important;\n\t\t\t\t\t\tmargin: 10px 0px 10px 0px !important;\n\t\t\t\t\t\tpadding: 0px 0px 10px 0px !important;\n\t\t\t\t\t\tfont-family: 'Roboto Slab' !important;\r\n\tfont-weight: 300 !important;\t\t\t\t\t}\n\t\t\t\t\t.masonry_grid_layout_container\n\t\t\t\t\t{\n\t\t\t\t\t\tclear:both !important;\n\t\t\t\t\t}\n\t\t\t\t\t.masonry_grid_wrapper_item\n\t\t\t\t\t{\n\t\t\t\t\t\t\t\t\t\t\t\tbackground: rgba(235,232,235,0.5) !important;\n\t\t\t\t\t\t\t\t\t\t\t\tmargin: 10px 10px 0px 0px !important;\n\t\t\t\t\t\tpadding: 0px 0px 0px 0px !important;\n\t\t\t\t\t\toverflow: hidden !important;\n\t\t\t\t\t\tbox-shadow: 0px 0px 0px 0px #000000!important;\n\t\t\t\t\t\t-webkit-box-shadow: 0px 0px 0px 0px #000000!important;\n\t\t\t\t\t\t-moz-box-shadow: 0px 0px 0px 0px #000000!important;\n\t\t\t\t\t}\n\t\t\t\t\t.masonry_grid_item_image_1167\t\t\t\t\t{\n\t\t\t\t\t\twidth: 250px !important;\n\t\t\t\t\t\topacity: 1 !important;\n\t\t\t\t\t}\n\t\t\t\t\t.masonry_grid_item_image_1167:hover\n\t\t\t\t\t{\n\t\t\t\t\t\ttransition: 1s !important;\n\t\t\t\t\t\ttransform: none !important;\n\t\t\t\t\t\t-ms-filter: none !important;\n\t\t\t\t\t\t-o-filter: none !important;\n\t\t\t\t\t\tfilter: none !important;\n\t\t\t\t\t\t-moz-filter: none !important;\n\t\t\t\t\t\t-webkit-filter: none !important;\n\t\t\t\t\t}\n\t\t\t\t\t.masonry_grid_item_image_1167 img\n\t\t\t\t\t{\n\t\t\t\t\t\tborder: 0px solid #cccccc !important;\n\t\t\t\t\t\tborder-radius: 0px !important;\n\t\t\t\t\t\t-webkit-border-radius: 0px !important;\n\t\t\t\t\t\t-moz-border-radius: 0px !important;\n\t\t\t\t\t\twidth: 250px !important;\n\t\t\t\t\t}\n\t\t\t\t\t.masonry_grid_content_item\n\t\t\t\t\t{\n\t\t\t\t\t\twidth: 250px !important;\n\t\t\t\t\t}\n\t\t\t\t\t.masonry_grid_single_text_title h3\t\t\t\t\t{\n\t\t\t\t\t\tline-height: 1.7 !important;\n\t\t\t\t\t\ttext-align: left !important;\n\t\t\t\t\t\tfont-size: 14px !important;\n\t\t\t\t\t\tcolor: #787D85 !important;\n\t\t\t\t\t\tmargin: 0px 5px 0px 5px !important;\n\t\t\t\t\t\tpadding: 10px 10px 10px 10px !important;\n\t\t\t\t\t\tfont-family: 'Roboto Slab' !important;\r\n\tfont-weight: 700 !important;\t\t\t\t\t}\n\t\t\t\t\t.masonry_grid_single_text_desc p\t\t\t\t\t{\n\t\t\t\t\t\tline-height: 1.7 !important;\n\t\t\t\t\t\ttext-align: left !important;\n\t\t\t\t\t\tfont-size: 12px !important;\n\t\t\t\t\t\tcolor: #787D85 !important;\n\t\t\t\t\t\tmargin: 0px 5px 0px 5px !important;\n\t\t\t\t\t\tpadding: 5px 10px 10px 5px !important;\n\t\t\t\t\t\tfont-family: 'Roboto Slab' !important;\r\n\tfont-weight: 300 !important;\t\t\t\t\t}\n\t\t\t\t\t\t\t\t\t\t.fbx-caption\n\t\t\t\t\t{\n\t\t\t\t\t\ttext-align: left !important;\n\t\t\t\t\t\tborder-bottom-left-radius: 5px !important;\n\t\t\t\t\t\tborder-bottom-right-radius: 5px !important;\n\t\t\t\t\t}\n\t\t\t\t\t.fbx-caption-title h2\t\t\t\t\t{\n\t\t\t\t\t\tline-height: 1.7em !important;\n\t\t\t\t\t\tdisplay: block!important;\n\t\t\t\t\t\ttext-align: left !important;\n\t\t\t\t\t\tfont-size: 16px !important;\n\t\t\t\t\t\tcolor : #ffffff !important;\n\t\t\t\t\t\tmargin: 10px 0px 10px 0px !important;\n\t\t\t\t\t\tpadding: 10px 10px 10px 10px !important;\n\t\t\t\t\t\tfont-family: 'Roboto Slab' !important;\r\n\tfont-weight: 700 !important;\t\t\t\t\t}\n\t\t\t\t\t.fbx-caption-desc h3\t\t\t\t\t{\n\t\t\t\t\t\tline-height: 1.7em !important;\n\t\t\t\t\t\tdisplay: block!important;\n\t\t\t\t\t\ttext-align: left !important;\n\t\t\t\t\t\tfont-size: 14px !important;\n\t\t\t\t\t\tcolor : #ffffff !important;\n\t\t\t\t\t\tmargin: 5px 0px 5px 0px !important;\n\t\t\t\t\t\tpadding: 20px 10px 10px 10px !important;\n\t\t\t\t\t\tfont-family: 'Roboto Slab' !important;\r\n\tfont-weight: 300 !important;\t\t\t\t\t}\n\t\t\t\t\t.fbx-modal\n\t\t\t\t\t{\n\t\t\t\t\t\t\t\t\t\t\tbackground-color: rgba(0,0,0,0.75) !important;\n\t\t\t\t\t\t\t\t\t\t\t}\n\t\t\t\t\t.fbx-inner\n\t\t\t\t\t{\n\t\t\t\t\t\tborder: 5px solid #ffffff !important;\n\t\t\t\t\t\t-webkit-border-radius: 5px !important;\n\t\t\t\t\t\t-moz-border-radius: 5px !important;\n\t\t\t\t\t\tborder-radius: 5px !important;\n\t\t\t\t\t}\n\t\t\t\t\t.fbx-item-image\n\t\t\t\t\t{\n\t\t\t\t\t\t-webkit-border-radius: 5px !important;\n\t\t\t\t\t\t-moz-border-radius: 5px !important;\n\t\t\t\t\t\tborder-radius: 5px !important;\n\t\t\t\t\t}\n\t\t\t\t\t\t<\/style>\n\t<script type=\"text\/javascript\">\n\tvar ajaxurl = \"http:\/\/www.poggehaus-zierstorf.de\/wp-admin\/admin-ajax.php\";\n\tvar global_options_right_click_protection = \"disable\";\n\tvar animation_effect = \"fadeIn\";\n\tif (typeof (call_gallery_bank_layout_type_1167) !== \"function\")\n\t{\n\t\t\/**\n\t\t* This function is used for Layouts.\n\t\t*\n\t\t*@param string layout_type .\n\t\t*\/\n\t\tfunction call_gallery_bank_layout_type_1167()\n\t\t{\n\t\t\t\t\t\t\t\t\tif (jQuery(\".masonry_grid_layout_container\").data('isotope'))\n\t\t\t\t\t\t{\n\t\t\t\t\t\t\tjQuery(\".masonry_grid_layout_container\").isotope('destroy');\n\t\t\t\t\t\t}\n\t\t\t\t\t\tjQuery(\".masonry_grid_layout_container\").imagesLoaded(function ()\n\t\t\t\t\t\t{\n\t\t\t\t\t\t\tjQuery(\".masonry_grid_layout_container\").isotope\n\t\t\t\t\t\t\t({\n\t\t\t\t\t\t\t\titemSelector: \".masonry_grid_wrapper_item\",\n\t\t\t\t\t\t\t\tlayoutMode: 'masonry',\n\t\t\t\t\t\t\t\tpercentPosition: true\n\t\t\t\t\t\t\t});\n\t\t\t\t\t\t\tjQuery(\".gb_animate\").scrolla_gb();\n\t\t\t\t\t\t});\n\t\t\t\t\t\t\t\t}\n\t}\n\tif (typeof (call_gallery_bank_lightbox_1167) !== \"function\")\n\t{\n\t\t\/**\n\t\t* This function is used for Lightboxes.\n\t\t*\n\t\t* @param string lightbox_type .\n\t\t*\n\t\t*\/\n\t\tfunction call_gallery_bank_lightbox_1167(lightbox_type)\n\t\t{\n\t\t\tswitch (lightbox_type)\n\t\t\t{\n\t\t\t\tcase \"foo_box_free_edition\":\n\t\t\t\t\t\t\t\t\t\t\tvar showCount_settings = true;\n\t\t\t\t\t\tvar closeOnOverlayClick = false;\n\t\t\t\t\t\tvar hideScrollbars = false;\n\t\t\t\t\t\tvar onlyShowOnHover = false;\n\t\t\t\t\t\t(function (FOOBOX, $)\n\t\t\t\t\t\t{\n\t\t\t\t\t\t\tFOOBOX.init = function () {\n\t\t\t\t\t\t\t\tFOOBOX.o = {\n\t\t\t\t\t\t\t\t\tshowCount: showCount_settings,\n\t\t\t\t\t\t\t\t\tcloseOnOverlayClick: closeOnOverlayClick,\n\t\t\t\t\t\t\t\t\thideScrollbars: hideScrollbars,\n\t\t\t\t\t\t\t\t\tcaptions:\n\t\t\t\t\t\t\t\t\t{\n\t\t\t\t\t\t\t\t\t\tonlyShowOnHover: onlyShowOnHover,\n\t\t\t\t\t\t\t\t\t\toverrideTitle: true,\n\t\t\t\t\t\t\t\t\t\ttitleSource: 'anchor',\n\t\t\t\t\t\t\t\t\t\toverrideDesc: true,\n\t\t\t\t\t\t\t\t\t\tdescSource: 'anchor'\n\t\t\t\t\t\t\t\t\t}\n\t\t\t\t\t\t\t\t};\n\t\t\t\t\t\t\t\tjQuery(\".foobox\").foobox(FOOBOX.o);\n\t\t\t\t\t\t\t};\n\t\t\t\t\t\t}(window.FOOBOX = window.FOOBOX || {}, jQuery));\n\t\t\t\t\t\tjQuery(function ($)\n\t\t\t\t\t\t{\n\t\t\t\t\t\t\tFOOBOX.init();\n\t\t\t\t\t\t\tjQuery(\".fbx-instance\").on(\"foobox.afterLoad\", function (e)\n\t\t\t\t\t\t\t{\n\t\t\t\t\t\t\t});\n\t\t\t\t\t\t});\n\t\t\t\t\t\t\t\t\tbreak;\n\t\t\t\t}\n\t\t\t}\n\t\t}\n\t\tjQuery(document).ready(function ()\n\t\t{\n\t\t\tif (animation_effect !== \"none\")\n\t\t\t{\n\t\t\t\tjQuery(\".gb_animate\").scrolla_gb();\n\t\t\t}\n\t\t\t\tif (global_options_right_click_protection === \"enable\") {\n\t\t\t\t\tjQuery(\"#gallery_bank_main_container_1167\").on(\"contextmenu\", function (e)\n\t\t\t\t\t{\n\t\t\t\t\t\treturn false;\n\t\t\t\t\t});\n\t\t\t\t}\n\t\t\t\tcall_gallery_bank_layout_type_1167();\n\t\t\t\tcall_gallery_bank_lightbox_1167(\"foo_box_free_edition\");\n});\n<\/script>\n\t\t\t\t<div id=\"grid_layout_container_1167\">\n\t\t\t\t\t<div id=\"control_container_1167\" class=\"masonry_grid_layout_container\">\n\t\t\t\t\t<div id=\"grid_wrapper_item_1167_26\" class=\"masonry_grid_wrapper_item gb_animate\" data-animate=\"fadeIn\"  data-duration=\"1.0s\" data-delay=\"0.1s\" data-offset=\"100\">\n\t\t\t\t\t<div id=\"grid_item_image_1167_26\" class=\"masonry_grid_item_image_1167 \">\n\t\t\t\t\t\t\t\t\t\t\t\t\t\t\t\t\t<a href=\"http:\/\/www.poggehaus-zierstorf.de\/wp-content\/gallery-bank\/original-images\/o_196l11lv8qo718ee1li51ht25c1c.jpg\" class=\"foobox\" target=\"\" rel=\"foobox_gallery_1167\">\n\t\t\t\t\t\t\t\t\t\t\t\t\t\t\t\t<img src=\"http:\/\/www.poggehaus-zierstorf.de\/wp-content\/gallery-bank\/thumbs-non-cropped\/o_196l11lv8qo718ee1li51ht25c1c.jpg\" alt=\"\" image_full_path=\"http:\/\/www.poggehaus-zierstorf.de\/wp-content\/gallery-bank\/original-images\/o_196l11lv8qo718ee1li51ht25c1c.jpg\"  id=\"ux_gb_file_1167_26\" name=\"ux_gb_file\" \/>\n\t\t\t\t\t<\/a>\n\t\t\t\t\t<\/div>\n\t\t\t\t\t\t\t\t\t<\/div>\n\t\t\t\t\t\t\t\t<div id=\"grid_wrapper_item_1167_27\" class=\"masonry_grid_wrapper_item gb_animate\" data-animate=\"fadeIn\"  data-duration=\"1.0s\" data-delay=\"0.1s\" data-offset=\"100\">\n\t\t\t\t\t<div id=\"grid_item_image_1167_27\" class=\"masonry_grid_item_image_1167 \">\n\t\t\t\t\t\t\t\t\t\t\t\t\t\t\t\t\t<a href=\"http:\/\/www.poggehaus-zierstorf.de\/wp-content\/gallery-bank\/original-images\/o_196l11lv81nqf1o9refv1sbbvgmb.jpg\" class=\"foobox\" target=\"\" rel=\"foobox_gallery_1167\">\n\t\t\t\t\t\t\t\t\t\t\t\t\t\t\t\t<img src=\"http:\/\/www.poggehaus-zierstorf.de\/wp-content\/gallery-bank\/thumbs-non-cropped\/o_196l11lv81nqf1o9refv1sbbvgmb.jpg\" alt=\"\" image_full_path=\"http:\/\/www.poggehaus-zierstorf.de\/wp-content\/gallery-bank\/original-images\/o_196l11lv81nqf1o9refv1sbbvgmb.jpg\"  id=\"ux_gb_file_1167_27\" name=\"ux_gb_file\" \/>\n\t\t\t\t\t<\/a>\n\t\t\t\t\t<\/div>\n\t\t\t\t\t\t\t\t\t<\/div>\n\t\t\t\t\t\t\t\t<div id=\"grid_wrapper_item_1167_28\" class=\"masonry_grid_wrapper_item gb_animate\" data-animate=\"fadeIn\"  data-duration=\"1.0s\" data-delay=\"0.1s\" data-offset=\"100\">\n\t\t\t\t\t<div id=\"grid_item_image_1167_28\" class=\"masonry_grid_item_image_1167 \">\n\t\t\t\t\t\t\t\t\t\t\t\t\t\t\t\t\t<a href=\"http:\/\/www.poggehaus-zierstorf.de\/wp-content\/gallery-bank\/original-images\/o_196l077tar60vi01uvi1vq5qe5d.jpg\" class=\"foobox\" target=\"\" rel=\"foobox_gallery_1167\">\n\t\t\t\t\t\t\t\t\t\t\t\t\t\t\t\t<img src=\"http:\/\/www.poggehaus-zierstorf.de\/wp-content\/gallery-bank\/thumbs-non-cropped\/o_196l077tar60vi01uvi1vq5qe5d.jpg\" alt=\"\" image_full_path=\"http:\/\/www.poggehaus-zierstorf.de\/wp-content\/gallery-bank\/original-images\/o_196l077tar60vi01uvi1vq5qe5d.jpg\"  id=\"ux_gb_file_1167_28\" name=\"ux_gb_file\" \/>\n\t\t\t\t\t<\/a>\n\t\t\t\t\t<\/div>\n\t\t\t\t\t\t\t\t\t<\/div>\n\t\t\t\t\t<\/div>\n\t\t<\/div>\n\t<\/div>\n<\/div>\n\n<p>\u00a0<\/p>\n\n\n<p><\/p>\n\n\n\n<p>Das<strong> Poggehaus Zierstorf<\/strong> befand sich im ehemaligen Gutshaus in Zierstorf, einem kleinen Dorf, 10 Kilometer westlich von Teterow in der Mecklenburgischen Schweiz zwischen Gro\u00df Roge und Bartelshagen.<\/p>\n","protected":false},"excerpt":{"rendered":"<p>Das Poggehaus war ein Ausstellungsort, der an das Leben und Wirken der herausragenden Vertreter der Familie Pogge erinnert hat. Carl, Friedrich und Johann Pogge stie\u00dfen im 19. Jahrhundert bedeutende landwirtschaftliche Reformen an und engagierten sich dar\u00fcber hinaus als liberale Politiker f\u00fcr b\u00fcrgerliche Bestrebungen in Mecklenburg. Der Verein, der das Poggehaus Zierstorf getragen hat, hat sich [&hellip;]<\/p>\n","protected":false},"author":1,"featured_media":0,"parent":0,"menu_order":0,"comment_status":"closed","ping_status":"closed","template":"","meta":[],"_links":{"self":[{"href":"http:\/\/www.poggehaus-zierstorf.de\/index.php?rest_route=\/wp\/v2\/pages\/2"}],"collection":[{"href":"http:\/\/www.poggehaus-zierstorf.de\/index.php?rest_route=\/wp\/v2\/pages"}],"about":[{"href":"http:\/\/www.poggehaus-zierstorf.de\/index.php?rest_route=\/wp\/v2\/types\/page"}],"author":[{"embeddable":true,"href":"http:\/\/www.poggehaus-zierstorf.de\/index.php?rest_route=\/wp\/v2\/users\/1"}],"replies":[{"embeddable":true,"href":"http:\/\/www.poggehaus-zierstorf.de\/index.php?rest_route=%2Fwp%2Fv2%2Fcomments&post=2"}],"version-history":[{"count":29,"href":"http:\/\/www.poggehaus-zierstorf.de\/index.php?rest_route=\/wp\/v2\/pages\/2\/revisions"}],"predecessor-version":[{"id":338,"href":"http:\/\/www.poggehaus-zierstorf.de\/index.php?rest_route=\/wp\/v2\/pages\/2\/revisions\/338"}],"wp:attachment":[{"href":"http:\/\/www.poggehaus-zierstorf.de\/index.php?rest_route=%2Fwp%2Fv2%2Fmedia&parent=2"}],"curies":[{"name":"wp","href":"https:\/\/api.w.org\/{rel}","templated":true}]}}