{"id":20,"date":"2012-06-06T16:33:46","date_gmt":"2012-06-06T14:33:46","guid":{"rendered":"http:\/\/www.poggehaus-zierstorf.de\/?page_id=20"},"modified":"2021-04-19T00:01:06","modified_gmt":"2021-04-18T22:01:06","slug":"das-dorf","status":"publish","type":"page","link":"http:\/\/www.poggehaus-zierstorf.de\/?page_id=20","title":{"rendered":"Dorf &#038; Gutshaus"},"content":{"rendered":"<div id=\"attachment_145\" style=\"width: 310px\" class=\"wp-caption alignleft\"><a href=\"http:\/\/www.poggehaus-zierstorf.de\/wp-content\/uploads\/2012\/06\/zierstorf-historisch1.jpg\"><img aria-describedby=\"caption-attachment-145\" decoding=\"async\" loading=\"lazy\" class=\"size-medium wp-image-145 \" src=\"http:\/\/www.poggehaus-zierstorf.de\/wp-content\/uploads\/2012\/06\/zierstorf-historisch1-300x213.jpg\" alt=\"Historische Aufnahme der Gutshauses Zierstorf\" width=\"300\" height=\"213\" srcset=\"http:\/\/www.poggehaus-zierstorf.de\/wp-content\/uploads\/2012\/06\/zierstorf-historisch1-300x213.jpg 300w, http:\/\/www.poggehaus-zierstorf.de\/wp-content\/uploads\/2012\/06\/zierstorf-historisch1.jpg 600w\" sizes=\"(max-width: 300px) 100vw, 300px\" \/><\/a><p id=\"caption-attachment-145\" class=\"wp-caption-text\">Historische Aufnahme der Gutshauses Zierstorf<\/p><\/div>\n<p>Zierstorf, 1317 erstmals urkundlich erw\u00e4hnt, war in slawischer Zeit besiedelt und besa\u00df eine in dieser Gegend seltene H\u00f6henburg aus dem 7. bis 10. Jahrhundert auf der als Schlossberg bezeichneten H\u00fcgelkette und eine Niederungsburg aus dem 10. bis13. Jahrhundert am Wotrumer See. \u00dcber Jahrhunderte war Zierstorf Hauptgut und dessen Nebeng\u00fcter die Nachbard\u00f6rfer Bartelshagen und Warnkenhagen. Als Eigent\u00fcmer sind erw\u00e4hnt um 1704 Oberst Adam Heinrich von Vieregge, 1793 Amtmann Johann Hennings, von 1806 Graf Ludwig von Hessenstein. 1793 geh\u00f6rte zum Gut eine Ziegelei, 1799 kam eine Schule dazu.<\/p>\n<p>Um 1780 wurde das eingeschossige Gutshaus mit zweigeschossigem Mittelteil in Fachwerk erbaut. 1829 kam das Gut in den Besitz von Carl Pogge, dem erfolgreichen Landwirt, der mit seinen Neuerungen ma\u00dfgeblich die Landwirtschaft seiner Zeit befruchtete. Nach dessen Tod 1831 \u00fcbernahm der Sohn Friedrich das Gut. Er arbeitete mit seinem Bruder Johann Pogge im Nachbardorf Roggow wie der Vater f\u00fchrend in der Landwirtschaft weiter und f\u00fchrte Zierstorf erfolgreich bis zu seinem pl\u00f6tzlichen Tod 1843.<\/p>\n<h2>Von Zierstorf nach Afrika<\/h2>\n<p>Sein f\u00fcnfj\u00e4hriger Sohn Paul war der Erbe, jedoch f\u00fchrte sein Onkel Johann Pogge das Gut. Nach der Schulzeit in Neubrandenburg, G\u00fcstrow und Rostock und einer Lehrzeit auf mecklenburgischen G\u00fctern studierte Paul Pogge 1858 bis 1860 in Berlin und Heidelberg und schloss 1862 mit dem Doktor der Rechte ab. Danach bewirtschaftete er das Gut. 1862 nahm er an einer Jagdsafari nach S\u00fcdafrika und sp\u00e4ter von 1875 bis 1876 an einer Forschungsreise in das Kongogebiet teil, \u00fcber die er ein viel beachtetes Buch ver\u00f6ffentlichte. Um eine weitere Expeditionsreise in das Kongobecken zu finanzieren, verkaufte er sein Gut an den Vetter Franz Pogge und reiste von 1881 bis 1984 nach Afrika, wo er in Luanda verstarb.<\/p>\n<h2>Eigent\u00fcmerwechsel und Verschuldung<\/h2>\n<p>In Raabes \u201eMecklenburgischer Vaterlandskunde\u201c von 1894 werden neben dem Hof die Schule, Dampfmolkerei, Schmiede und 130 Einwohner erw\u00e4hnt. Von 1890 bis 1914\u00a0 ist Wilhelm Pogge Eigent\u00fcmer von Zierstorf. Danach bewirtschaftet seine Frau Margarethe das Gut bis zur Vollj\u00e4hrigkeit ihres Sohnes Johann Albrecht. Dieser stand dem Gut ab 1921 vor, verpachtet es 1925 an Ludewig aus Rachow und verkauft es 1926 an den M\u00fchlenbesitzer Martz in Teterow. Um 1935 wurde ein Teil des Gutes wegen Verschuldung aufgesiedelt und es entstanden zehn Geh\u00f6fte mit je zehn bis dreiundzwanzig Hektar, davon f\u00fcnf in Zierstorf Ausbau. Das Restgut wurde 1945 enteignet und fiel unter die Bodenreform. \u00a0Vom Gutshof sind einige Wirtschaftsgeb\u00e4ude und die an das Gutshaus heran f\u00fchrende Lindenallee erhalten.<\/p>\n<h2>Erst Wohnhaus und Kindergarten, jetzt Ausstellungsort<\/h2>\n<p>Zur Zeit der DDR wurde das Gutshaus als Wohnhaus und Kindergarten genutzt. In den f\u00fcnfziger Jahren entstand die Landwirtschaftliche Produktionsgenossenschaft (LPG). \u00a0Von 1970 bis 1990 bewirtschaftete die LPG Gro\u00df Roge die Fl\u00e4chen. 1968 wurde die Wasseranlage neu gebaut.<br \/>\nSeit 1990 dient das Gutshaus weiter als Wohnhaus und beherbergt in seinem mittleren Teil heute das Poggehaus Zierstorf, eine Gedenkst\u00e4tte f\u00fcr den Afrikaforscher Paul Pogge und die Pogge-Familie, die vom Heimatverein betreut wird.<\/p>\n","protected":false},"excerpt":{"rendered":"<p>Zierstorf, 1317 erstmals urkundlich erw\u00e4hnt, war in slawischer Zeit besiedelt und besa\u00df eine in dieser Gegend seltene H\u00f6henburg aus dem 7. bis 10. Jahrhundert auf der als Schlossberg bezeichneten H\u00fcgelkette und eine Niederungsburg aus dem 10. bis13. Jahrhundert am Wotrumer See. \u00dcber Jahrhunderte war Zierstorf Hauptgut und dessen Nebeng\u00fcter die Nachbard\u00f6rfer Bartelshagen und Warnkenhagen. Als [&hellip;]<\/p>\n","protected":false},"author":1,"featured_media":0,"parent":0,"menu_order":4,"comment_status":"closed","ping_status":"closed","template":"","meta":[],"_links":{"self":[{"href":"http:\/\/www.poggehaus-zierstorf.de\/index.php?rest_route=\/wp\/v2\/pages\/20"}],"collection":[{"href":"http:\/\/www.poggehaus-zierstorf.de\/index.php?rest_route=\/wp\/v2\/pages"}],"about":[{"href":"http:\/\/www.poggehaus-zierstorf.de\/index.php?rest_route=\/wp\/v2\/types\/page"}],"author":[{"embeddable":true,"href":"http:\/\/www.poggehaus-zierstorf.de\/index.php?rest_route=\/wp\/v2\/users\/1"}],"replies":[{"embeddable":true,"href":"http:\/\/www.poggehaus-zierstorf.de\/index.php?rest_route=%2Fwp%2Fv2%2Fcomments&post=20"}],"version-history":[{"count":24,"href":"http:\/\/www.poggehaus-zierstorf.de\/index.php?rest_route=\/wp\/v2\/pages\/20\/revisions"}],"predecessor-version":[{"id":315,"href":"http:\/\/www.poggehaus-zierstorf.de\/index.php?rest_route=\/wp\/v2\/pages\/20\/revisions\/315"}],"wp:attachment":[{"href":"http:\/\/www.poggehaus-zierstorf.de\/index.php?rest_route=%2Fwp%2Fv2%2Fmedia&parent=20"}],"curies":[{"name":"wp","href":"https:\/\/api.w.org\/{rel}","templated":true}]}}