{"id":222,"date":"2014-06-15T00:02:03","date_gmt":"2014-06-14T22:02:03","guid":{"rendered":"http:\/\/www.poggehaus-zierstorf.de\/?page_id=222"},"modified":"2024-10-31T12:22:22","modified_gmt":"2024-10-31T11:22:22","slug":"poggesymposien","status":"publish","type":"page","link":"http:\/\/www.poggehaus-zierstorf.de\/?page_id=222","title":{"rendered":"Poggesymposien"},"content":{"rendered":"<p>1991 luden wir erstmals zu einem Poggesymposium in das Th\u00fcnen-Museum-Tellow ein. Diese erste Begegnung nach der Wende war der Start f\u00fcr ein Aufeinanderzugehen, f\u00fcr ein Ankn\u00fcpfen an progressive Wurzeln in Mecklenburg, die durch die Pogges auf nachhaltige Weise gepr\u00e4gt wurden. Auf unserer ersten Tagung weihten wir gemeinsam die Th\u00fcnen-Pogge-Begegnungsst\u00e4tte in Tellow ein. Dieses hatte eine ganz besondere Symbolik.<br \/>\nDie n\u00e4chstfolgenden Pogge-Treffen waren wesentliche Meilensteine. So konnten wir neben inhaltsreichen Vortr\u00e4gen und Exkursionen die Entwicklung des Heimatvereins im Poggehaus Zierstorf und der von Vereinsmitgliedern betreuten Zierstorfer Begegnungsst\u00e4tte miterleben.<br \/>\nEin besonderer H\u00f6hepunkt war 2004 die Namensverleihung an der Johann-Pogge-Schule Lalendorf.<br \/>\nDurch unser gemeinsames Wirken erschlie\u00dfen wir ein wichtiges Kapitel mecklenburgischer Geschichte. Das geistige Erbe der Pogges ist noch lange nicht ausgesch\u00f6pft und wirkt bis in die Gegenwart und Zukunft. Deshalb wollen wir diese guten Traditionen gemeinsam mit der jungen Generation fortsetzen. Ein ermutigendes Beispiel daf\u00fcr ist der Vortrag von Leon B\u00fclow \u2013 Sch\u00fcler der 10. Klasse der Johann-Pogge-Schule.<\/p>\n<p><strong>Die bisherigen Poggesymposien seit 1991<\/strong><\/p>\n<ul>\n<li>2024 &#8211; 16. Poggesymposium<br \/>\nFallersleben in Roggow, 27.\/28. September 2024<\/li>\n<li>2016 &#8211; 12. Poggesymposium<br \/>\nFreitag 27. &#8211; Sonntag 29. Mai 2016<\/li>\n<li><a title=\"11. Poggesymposium 2014\" href=\"http:\/\/www.poggehaus-zierstorf.de\/?page_id=229\">2014 &#8211; Die Erinnerungen der Louise Pogge (1799 \u2013 1882) &#8211; Neuerscheinung 2014<\/a><\/li>\n<li><a title=\"10. Poggesymposium 2011\" href=\"http:\/\/www.poggehaus-zierstorf.de\/?page_id=231\">2011 &#8211; Paul Pogge \u2013 Ein Afrikaforscher aus Mecklenburg<\/a><\/li>\n<li>2008 &#8211; Die Pogges und der Fortschritt in der mecklenburgischen Landwirtschaft<\/li>\n<li>2006 &#8211; Die Pogges und der Adel<\/li>\n<li>2004 &#8211; Namensverleihung &#8222;Johann-Pogge-Schule&#8220; in Lalendorf<\/li>\n<li>2001 &#8211; 210. Geburtstag von Friedrich Pogge<\/li>\n<li>1999 &#8211; Carl und Luise Pogge<\/li>\n<li>1997 &#8211; Die S\u00f6hne des Johann Pogge<\/li>\n<li>1995 &#8211; Paul Pogge \u2013 ein mecklenburgischer Afrikaforscher<\/li>\n<li>1993 &#8211; 200. Geburtstag von Johann Pogge<\/li>\n<li>1991 &#8211; 200. Geburtstag von Friedrich Pogge<\/li>\n<\/ul>\n","protected":false},"excerpt":{"rendered":"<p>1991 luden wir erstmals zu einem Poggesymposium in das Th\u00fcnen-Museum-Tellow ein. Diese erste Begegnung nach der Wende war der Start f\u00fcr ein Aufeinanderzugehen, f\u00fcr ein Ankn\u00fcpfen an progressive Wurzeln in Mecklenburg, die durch die Pogges auf nachhaltige Weise gepr\u00e4gt wurden. Auf unserer ersten Tagung weihten wir gemeinsam die Th\u00fcnen-Pogge-Begegnungsst\u00e4tte in Tellow ein. Dieses hatte eine [&hellip;]<\/p>\n","protected":false},"author":1,"featured_media":0,"parent":0,"menu_order":5,"comment_status":"closed","ping_status":"closed","template":"","meta":[],"_links":{"self":[{"href":"http:\/\/www.poggehaus-zierstorf.de\/index.php?rest_route=\/wp\/v2\/pages\/222"}],"collection":[{"href":"http:\/\/www.poggehaus-zierstorf.de\/index.php?rest_route=\/wp\/v2\/pages"}],"about":[{"href":"http:\/\/www.poggehaus-zierstorf.de\/index.php?rest_route=\/wp\/v2\/types\/page"}],"author":[{"embeddable":true,"href":"http:\/\/www.poggehaus-zierstorf.de\/index.php?rest_route=\/wp\/v2\/users\/1"}],"replies":[{"embeddable":true,"href":"http:\/\/www.poggehaus-zierstorf.de\/index.php?rest_route=%2Fwp%2Fv2%2Fcomments&post=222"}],"version-history":[{"count":11,"href":"http:\/\/www.poggehaus-zierstorf.de\/index.php?rest_route=\/wp\/v2\/pages\/222\/revisions"}],"predecessor-version":[{"id":339,"href":"http:\/\/www.poggehaus-zierstorf.de\/index.php?rest_route=\/wp\/v2\/pages\/222\/revisions\/339"}],"wp:attachment":[{"href":"http:\/\/www.poggehaus-zierstorf.de\/index.php?rest_route=%2Fwp%2Fv2%2Fmedia&parent=222"}],"curies":[{"name":"wp","href":"https:\/\/api.w.org\/{rel}","templated":true}]}}