{"id":74,"date":"2012-06-10T13:16:40","date_gmt":"2012-06-10T11:16:40","guid":{"rendered":"http:\/\/www.poggehaus-zierstorf.de\/?page_id=74"},"modified":"2016-01-29T23:41:01","modified_gmt":"2016-01-29T22:41:01","slug":"carl-pogge","status":"publish","type":"page","link":"http:\/\/www.poggehaus-zierstorf.de\/?page_id=74","title":{"rendered":"Carl Pogge"},"content":{"rendered":"<p>Geboren am 24.10.1763 in Klein Methling bei Gnoien, gestorben am 12.10.1831 in Roggow bei G\u00fcstrow.<\/p>\n<p>Carl Pogge erlernte die Landwirtschaft bei seinem Vater, der die Dom\u00e4ne Klein Methling gepachtet hatte und danach mit sechzehn Jahren beim P\u00e4chter Scheffler. 1790, mit\u00a0 siebenundzwanzig Jahren, machte er sich selbstst\u00e4ndig und pachtete mit viel Mut das Gut Roggow und bewirtschaftete es nach anf\u00e4nglichen R\u00fcckschl\u00e4gen erfolgreich. Er war allen Neuerungen gegen\u00fcber aufgeschlossen, experimentierte selbst und beobachtete die Ergebnisse. Auch die Nachbarschaft und enge Zusammenarbeit mit Johann Heinrich von Th\u00fcnen auf Tellow war anregend und befruchtend. Trotz der politisch Wirren der napoleonischen Zeiten wirtschaftete er mit Erfolg und konnte mit seinen herangewachsenen S\u00f6hnen Friedrich und Johann weitere G\u00fcter \u00fcbernehmen und auch kaufen.<br \/>\nEr entwickelte sich zum landwirtschaftlichen Reformer, entdeckte die Wiesenverbesserung auf seinen Moorwiesen durch Aufbringen einer Sandschicht, verbesserte die D\u00fcngung des Ackers, betrieb erfolgreich die Zucht von Pferden, Schafen und K\u00fchen, f\u00fchrte Landmaschinen aus England ein und popularisierte deren Anwendung. Er war eine f\u00fchrende Pers\u00f6nlichkeit im Patriotischen Verein.<\/p>\n<p><a href=\"http:\/\/www.thuenen.info\/index.php?id=104\" target=\"_blank\">Detaillierter Lebenslauf<\/a><\/p>\n","protected":false},"excerpt":{"rendered":"<p>Geboren am 24.10.1763 in Klein Methling bei Gnoien, gestorben am 12.10.1831 in Roggow bei G\u00fcstrow. Carl Pogge erlernte die Landwirtschaft bei seinem Vater, der die Dom\u00e4ne Klein Methling gepachtet hatte und danach mit sechzehn Jahren beim P\u00e4chter Scheffler. 1790, mit\u00a0 siebenundzwanzig Jahren, machte er sich selbstst\u00e4ndig und pachtete mit viel Mut das Gut Roggow und [&hellip;]<\/p>\n","protected":false},"author":1,"featured_media":0,"parent":7,"menu_order":0,"comment_status":"closed","ping_status":"open","template":"","meta":[],"_links":{"self":[{"href":"http:\/\/www.poggehaus-zierstorf.de\/index.php?rest_route=\/wp\/v2\/pages\/74"}],"collection":[{"href":"http:\/\/www.poggehaus-zierstorf.de\/index.php?rest_route=\/wp\/v2\/pages"}],"about":[{"href":"http:\/\/www.poggehaus-zierstorf.de\/index.php?rest_route=\/wp\/v2\/types\/page"}],"author":[{"embeddable":true,"href":"http:\/\/www.poggehaus-zierstorf.de\/index.php?rest_route=\/wp\/v2\/users\/1"}],"replies":[{"embeddable":true,"href":"http:\/\/www.poggehaus-zierstorf.de\/index.php?rest_route=%2Fwp%2Fv2%2Fcomments&post=74"}],"version-history":[{"count":10,"href":"http:\/\/www.poggehaus-zierstorf.de\/index.php?rest_route=\/wp\/v2\/pages\/74\/revisions"}],"predecessor-version":[{"id":286,"href":"http:\/\/www.poggehaus-zierstorf.de\/index.php?rest_route=\/wp\/v2\/pages\/74\/revisions\/286"}],"up":[{"embeddable":true,"href":"http:\/\/www.poggehaus-zierstorf.de\/index.php?rest_route=\/wp\/v2\/pages\/7"}],"wp:attachment":[{"href":"http:\/\/www.poggehaus-zierstorf.de\/index.php?rest_route=%2Fwp%2Fv2%2Fmedia&parent=74"}],"curies":[{"name":"wp","href":"https:\/\/api.w.org\/{rel}","templated":true}]}}