{"id":79,"date":"2012-06-10T13:23:35","date_gmt":"2012-06-10T11:23:35","guid":{"rendered":"http:\/\/www.poggehaus-zierstorf.de\/?page_id=79"},"modified":"2016-01-29T23:49:36","modified_gmt":"2016-01-29T22:49:36","slug":"johann-pogge","status":"publish","type":"page","link":"http:\/\/www.poggehaus-zierstorf.de\/?page_id=79","title":{"rendered":"Johann Pogge"},"content":{"rendered":"<p>Geboren am 22.03.1793 in Roggow, gestorben am 11.01.1854 in Roggow<\/p>\n<p><a href=\"http:\/\/www.poggehaus-zierstorf.de\/wp-content\/uploads\/2012\/06\/Johann-Pogge.jpg\"><img decoding=\"async\" loading=\"lazy\" class=\"alignright size-full wp-image-258\" alt=\"Johann-Pogge\" src=\"http:\/\/www.poggehaus-zierstorf.de\/wp-content\/uploads\/2012\/06\/Johann-Pogge.jpg\" width=\"200\" height=\"241\" \/><\/a>Er besuchte nach dem Schulunterricht bei einem Hauslehrer und beim Pastor Pieper in Reinshagen das Gymnasium in G\u00fcstrow,\u00a0danach die Universit\u00e4t in Berlin und nahm 1813 an den Befreiungskriegen teil. Anschlie\u00dfend wirkte er bei seinem Vater Carl Pogge in Roggow und \u00fcbernahm 1816 die Pachtung Striesenow, wo er die Krisenzeiten mit Rapsanbau und Brennerei \u00fcberbr\u00fcckte. Durch Seeabsenkung, Melioration und Mergelung verbesserte er seine Wiesen und \u00c4cker. 1831 erbte er von seinem Vater die G\u00fcter Roggow und Krassow.<\/p>\n<p>Durch Einfuhr von Zuchttieren aus England verbesserte er die Schaf-, Schweine- und Pferdezucht. 1852 gr\u00fcndete er den Aktienverein zur Einf\u00fchrung englischer Maschinen, bem\u00fchte sich um den Chausseebau und war beteiligt an Planungen f\u00fcr die Eisenbahn. Er war f\u00fchrendes Mitglied im Patriotischen Verein, beteiligt an den Versammlungen der Land- und Forstwirte und den Bauernversammlungen, setzte sich ein f\u00fcr die Reform der mecklenburgischen Verfassung und wurde 1848 in das Frankfurter Parlament gew\u00e4hlt mit dem Mandat der mecklenburgischen Abgeordnetenkammer.<\/p>\n<p><a href=\"http:\/\/www.thuenen.info\/index.php?id=102\" target=\"_blank\">Detaillierter Lebenslauf<\/a><\/p>\n","protected":false},"excerpt":{"rendered":"<p>Geboren am 22.03.1793 in Roggow, gestorben am 11.01.1854 in Roggow Er besuchte nach dem Schulunterricht bei einem Hauslehrer und beim Pastor Pieper in Reinshagen das Gymnasium in G\u00fcstrow,\u00a0danach die Universit\u00e4t in Berlin und nahm 1813 an den Befreiungskriegen teil. Anschlie\u00dfend wirkte er bei seinem Vater Carl Pogge in Roggow und \u00fcbernahm 1816 die Pachtung Striesenow, [&hellip;]<\/p>\n","protected":false},"author":1,"featured_media":0,"parent":7,"menu_order":0,"comment_status":"closed","ping_status":"open","template":"","meta":[],"_links":{"self":[{"href":"http:\/\/www.poggehaus-zierstorf.de\/index.php?rest_route=\/wp\/v2\/pages\/79"}],"collection":[{"href":"http:\/\/www.poggehaus-zierstorf.de\/index.php?rest_route=\/wp\/v2\/pages"}],"about":[{"href":"http:\/\/www.poggehaus-zierstorf.de\/index.php?rest_route=\/wp\/v2\/types\/page"}],"author":[{"embeddable":true,"href":"http:\/\/www.poggehaus-zierstorf.de\/index.php?rest_route=\/wp\/v2\/users\/1"}],"replies":[{"embeddable":true,"href":"http:\/\/www.poggehaus-zierstorf.de\/index.php?rest_route=%2Fwp%2Fv2%2Fcomments&post=79"}],"version-history":[{"count":12,"href":"http:\/\/www.poggehaus-zierstorf.de\/index.php?rest_route=\/wp\/v2\/pages\/79\/revisions"}],"predecessor-version":[{"id":288,"href":"http:\/\/www.poggehaus-zierstorf.de\/index.php?rest_route=\/wp\/v2\/pages\/79\/revisions\/288"}],"up":[{"embeddable":true,"href":"http:\/\/www.poggehaus-zierstorf.de\/index.php?rest_route=\/wp\/v2\/pages\/7"}],"wp:attachment":[{"href":"http:\/\/www.poggehaus-zierstorf.de\/index.php?rest_route=%2Fwp%2Fv2%2Fmedia&parent=79"}],"curies":[{"name":"wp","href":"https:\/\/api.w.org\/{rel}","templated":true}]}}