{"id":9,"date":"2012-06-06T16:32:28","date_gmt":"2012-06-06T14:32:28","guid":{"rendered":"http:\/\/www.poggehaus-zierstorf.de\/?page_id=9"},"modified":"2014-11-14T19:49:29","modified_gmt":"2014-11-14T18:49:29","slug":"der-forscher-paul-pogge","status":"publish","type":"page","link":"http:\/\/www.poggehaus-zierstorf.de\/?page_id=9","title":{"rendered":"Der Afrikaforscher Paul Pogge"},"content":{"rendered":"<p>Geboren am 24.12.1838 in Zierstorf, gestorben am 17.03.1884 in St. Paul de Luanda, heute Hauptstadt von Angola<\/p>\n<p>Als Paul Pogge f\u00fcnf Jahre alt war, starb sein Vater und er erbte das Gut in Zierstorf. Sein Onkel Johann Pogge \u00fcbernahm die Bewirtschaftung des Gutes. Nach der Schulzeit in Neubrandenburg, G\u00fcstrow und Rostock und einer Lehrzeit auf mecklenburgischen G\u00fctern studierte Paul Pogge 1858 bis 1860 in Berlin und Heidelberg und schloss 1862 mit dem Doktor der Rechte ab und \u00fcbernahm die Bewirtschaftung seines Gutes.<\/p>\n<h1>Erste Expedition nach Zentralafrika<\/h1>\n<div id=\"attachment_195\" style=\"width: 189px\" class=\"wp-caption alignright\"><a href=\"https:\/\/commons.wikimedia.org\/wiki\/File:Rostock_Paul_Pogge_Denkmal.jpg\"><img aria-describedby=\"caption-attachment-195\" decoding=\"async\" loading=\"lazy\" class=\"size-medium wp-image-195 \" src=\"http:\/\/www.poggehaus-zierstorf.de\/wp-content\/uploads\/2012\/06\/Denkmal-Paul-Pogge-Rostock-179x300.jpg\" alt=\"Paul-Pogge-Denkmal von Jo Jastram im Rosengarten in Rostock\" width=\"179\" height=\"300\" srcset=\"http:\/\/www.poggehaus-zierstorf.de\/wp-content\/uploads\/2012\/06\/Denkmal-Paul-Pogge-Rostock-179x300.jpg 179w, http:\/\/www.poggehaus-zierstorf.de\/wp-content\/uploads\/2012\/06\/Denkmal-Paul-Pogge-Rostock.jpg 359w\" sizes=\"(max-width: 179px) 100vw, 179px\" \/><\/a><p id=\"caption-attachment-195\" class=\"wp-caption-text\">Paul-Pogge-Denkmal von Jo Jastram im Rosengarten in Rostock, Foto: Darkone (CC BY-SA 3.0 DE)<\/p><\/div>\n<p>1866 nahm er an einer Reise nach Afrika in das Gebiet von Kapland und Natal teil. Sein\u00a0<span style=\"line-height: 1.714285714; font-size: 1rem;\">Interesse an diesem Kontinent geweckt. Er bewarb sich \u00fcber die Deutsch-Afrikanische Gesellschaft um die Teilnahme an einer Expedition nach Zentralafrika. Sie startete unter der Leitung von Major von Hohmeyer in Luanda. Dieser sowie zwei weitere Begleiter erkrankten und mussten zur K\u00fcste zur\u00fcck kehren.<br \/>\n<\/span><\/p>\n<p><span style=\"line-height: 1.714285714; font-size: 1rem;\">Pogge f\u00fchrte die Expedition erfolgreich weiter, zuerst auf bereits durch portugiesische Missionare erkundeten Wegen, dann aber weiter ins unbekannte s\u00fcdliche Kongobecken bis in das Lundareich, das vom K\u00f6nig Muata Jamwo beherrscht wurde. Pogge lernte diesen, seinen Hofstaat, seine Art der Machterhaltung und Justiz und das Leben in seinem Residenzort Mussumba kennen. Dabei studierte er Sitten, Br\u00e4uche, Religion, Handel, Gewerbe und Landwirtschaft der Bev\u00f6lkerung unvoreingenommen.<br \/>\nSeinen Wunsch, weitere Gebiete im Osten kennenzulernen, erlaubte der K\u00f6nig nicht, im Gegenteil verlangten er und sein Gefolge immer mehr Geschenke von Paul Pogge, so dass er nach vier Monaten auf dem gleichen Wege zur\u00fcck kehren musste. Seine Erlebnisse ver\u00f6ffentlichte er 1880 in seinem Buch \u201eIm Reiche der Muata Jamwo\u201c, das gro\u00dfe Beachtung fand und ihm Anerkennung und Wertsch\u00e4tzung eintrug.<\/span><\/p>\n<h1>Zweite Expedition nach Zentralafrika<\/h1>\n<div id=\"attachment_199\" style=\"width: 203px\" class=\"wp-caption alignleft\"><a href=\"http:\/\/www.poggehaus-zierstorf.de\/wp-content\/uploads\/2012\/06\/Denkmal-Paul-Pogge-Rostock-zerstoert.jpg\"><img aria-describedby=\"caption-attachment-199\" decoding=\"async\" loading=\"lazy\" class=\"size-medium wp-image-199\" src=\"http:\/\/www.poggehaus-zierstorf.de\/wp-content\/uploads\/2012\/06\/Denkmal-Paul-Pogge-Rostock-zerstoert-193x300.jpg\" alt=\"Das zerst\u00f6rte Paul-Pogge-Denkmal in Rostock von Ludwig Brunow\" width=\"193\" height=\"300\" srcset=\"http:\/\/www.poggehaus-zierstorf.de\/wp-content\/uploads\/2012\/06\/Denkmal-Paul-Pogge-Rostock-zerstoert-193x300.jpg 193w, http:\/\/www.poggehaus-zierstorf.de\/wp-content\/uploads\/2012\/06\/Denkmal-Paul-Pogge-Rostock-zerstoert.jpg 386w\" sizes=\"(max-width: 193px) 100vw, 193px\" \/><\/a><p id=\"caption-attachment-199\" class=\"wp-caption-text\">Das zerst\u00f6rte Paul-Pogge-Denkmal in Rostock von Ludwig Brunow<\/p><\/div>\n<p>Paul Pogge bewarb sich um die Teilnahme an einer erneuten Expedition nach Zentralafrika, die von der Deutsch-Afrikanischen Gesellschaft geplant war. Aufgrund seiner Erfahrungen war er bestens daf\u00fcr geeignet. Durch den Verkauf seines Gutes Zierstorf an seinen Vetter Franz Pogge f\u00fcr 360.000 Mark verschaffte er sich auch die notwendige materielle Grundlage. Von seinem Gutshof begleitet ihn der Verwalter Heinrich Boddin. Als milit\u00e4rischen Schutz wurde ihnen der Leutnant Hermann Wissmann zur Seite gestellt. Ziel war die Gr\u00fcndung einer Station im Kongobecken und Durchquerung des Kontinentes bis zur K\u00fcste Ostafrikas.<\/p>\n<p>Am 18. November 1880 begann die Reise von Hamburg nach Luanda. Der erste Teil\u00a0 folgte auf der Route der ersten Reise, jedoch aufgrund der Unruhen im Gebiet des Muata Jamwo wich die Expedition nach Nordosten aus und gelangten in das Reich der Baschilange und zu deren K\u00f6nig, Kalamba Mukenge. Hier wurden sie freundlich aufgenommen, lernten den K\u00f6nig kennen und achten und schlossen gegenseitige Blutsbr\u00fcderschaft. Mit dem K\u00f6nig reisten Pogge und Wissmann weiter \u00f6stlich bis an den Kongo bei Nyangwe. Hier trennten sich die beiden Teilnehmer. Wissmann schlug sich durch Ostafrika bis zum Indischen Ozean durch. Pogge dagegen kehrte mit dem K\u00f6nig zur\u00fcck in dessen Residenz und gr\u00fcndete eine landwirtschaftliche Station f\u00fcr Anbau- und Viehzuchtversuche und hielt sich achtzehn Monate dort auf. Dann kehrte er in einem schlechten Gesundheitszustand nach Luanda zur\u00fcck und verstarb dort am 17.03.1884. Sein Grab ist noch heute erhalten. Neben der von Pogge gegr\u00fcndeten Station hat sich die Stadt Luluaburg entwickelt, die heute eine Halbmillionenstadt darstellt und Kananga hei\u00dft.<\/p>\n<h1>Sp\u00e4te Anerkennung<\/h1>\n<p>Sein fr\u00fcher Tod verhinderte die Herausgabe des Reiseberichtes von dieser zweiten Expedition, \u00fcber die Hermann Wissmann in seinem Buch \u201eUnter deutscher Flagge quer durch Afrika von West nach Ost\u201c 1890 berichtete. Die Wertsch\u00e4tzung von Pogges Reiseergebnissen war so hoch, dass ihm kurze Zeit nach seinem Lebensende ein Denkmal im Rostocker Rosengarten gesetzt wurde, das nach 1945 aber vernichtet wurde. In Verkennung seiner Verdienste wurde er als Vorbereiter des deutschen Kolonialismus diffamiert.<br \/>\nErst nach der politischen Wende im Jahre 1989 war eine Richtigstellung und W\u00fcrdigung und die Aufstellung eines neuen Denkmals 1995 in Anlehnung an das verlorene Denkmal m\u00f6glich, geschaffen durch den Bildhauer Jo Jastram.<\/p>\n<p>Mit Paul Pogge besitzt Mecklenburg-Vorpommern einen Afrikaforscher, der in der vorkolonialen Zeit diesen Erdteil bereiste. Die Absicht Kolonien zu erwerben stand in dieser Zeit noch nicht auf der Tagesordnung, vielmehr bestand der Wunsch, mehr \u00fcber die unbekannten Regionen im tropischen Teil dieses Kontinentes zu erfahren. Von seinen Reisen mitgebrachte Sachzeugnisse sind im Ethnologischen Museum in Berlin Dahlem ausgestellt.<\/p>\n<p>Im Juni 2011 besuchte der Urenkel des K\u00f6nigs Kalamba Mukenge, Senator Emory Kalamba, anl\u00e4sslich des <a title=\"10. Poggesymposium 2011\" href=\"http:\/\/www.poggehaus-zierstorf.de\/?page_id=231\">10. Pogge-Symposiums<\/a> die Johann-Pogge-Schule in Lalendorf und das Gutshaus Zierstorf. Ebenso waren die Nachkommen von Hermann Wissmann und zahlreiche Vertreter der Pogge-Familie anwesend.<\/p>\n","protected":false},"excerpt":{"rendered":"<p>Geboren am 24.12.1838 in Zierstorf, gestorben am 17.03.1884 in St. Paul de Luanda, heute Hauptstadt von Angola Als Paul Pogge f\u00fcnf Jahre alt war, starb sein Vater und er erbte das Gut in Zierstorf. Sein Onkel Johann Pogge \u00fcbernahm die Bewirtschaftung des Gutes. Nach der Schulzeit in Neubrandenburg, G\u00fcstrow und Rostock und einer Lehrzeit auf [&hellip;]<\/p>\n","protected":false},"author":1,"featured_media":0,"parent":7,"menu_order":2,"comment_status":"closed","ping_status":"closed","template":"","meta":[],"_links":{"self":[{"href":"http:\/\/www.poggehaus-zierstorf.de\/index.php?rest_route=\/wp\/v2\/pages\/9"}],"collection":[{"href":"http:\/\/www.poggehaus-zierstorf.de\/index.php?rest_route=\/wp\/v2\/pages"}],"about":[{"href":"http:\/\/www.poggehaus-zierstorf.de\/index.php?rest_route=\/wp\/v2\/types\/page"}],"author":[{"embeddable":true,"href":"http:\/\/www.poggehaus-zierstorf.de\/index.php?rest_route=\/wp\/v2\/users\/1"}],"replies":[{"embeddable":true,"href":"http:\/\/www.poggehaus-zierstorf.de\/index.php?rest_route=%2Fwp%2Fv2%2Fcomments&post=9"}],"version-history":[{"count":29,"href":"http:\/\/www.poggehaus-zierstorf.de\/index.php?rest_route=\/wp\/v2\/pages\/9\/revisions"}],"predecessor-version":[{"id":277,"href":"http:\/\/www.poggehaus-zierstorf.de\/index.php?rest_route=\/wp\/v2\/pages\/9\/revisions\/277"}],"up":[{"embeddable":true,"href":"http:\/\/www.poggehaus-zierstorf.de\/index.php?rest_route=\/wp\/v2\/pages\/7"}],"wp:attachment":[{"href":"http:\/\/www.poggehaus-zierstorf.de\/index.php?rest_route=%2Fwp%2Fv2%2Fmedia&parent=9"}],"curies":[{"name":"wp","href":"https:\/\/api.w.org\/{rel}","templated":true}]}}